  {"id":23808,"date":"2019-07-23T11:08:41","date_gmt":"2019-07-23T09:08:41","guid":{"rendered":"https:\/\/golfandalucia.info\/?page_id=23808"},"modified":"2019-07-23T11:08:41","modified_gmt":"2019-07-23T09:08:41","slug":"subvencion-union-europea","status":"publish","type":"page","link":"https:\/\/golfandalucia.info\/es\/subvencion-union-europea\/","title":{"rendered":"Subvenci\u00f3n Uni\u00f3n Europea"},"content":{"rendered":"<p>EL SUR EXISTE S.L. ha recibido una ayuda de la Uni\u00f3n Europea con cargo al Fondo Europeo de Desarrollo Regional (FEDER) para el desarrollo de la web tem\u00e1tica \u201cGOLF IN ANDALUC\u00cdA \u2013\u00a0<a href=\"golfandalucia.info\">golfandalucia.info<\/a>\u201d con el objetivo de la mejora del acceso, del uso y de la calidad de las tecnolog\u00edas de la informaci\u00f3n y la comunicaci\u00f3n.<\/p>\n","protected":false},"excerpt":{"rendered":"<p>EL SUR EXISTE S.L. ha recibido una ayuda de la Uni\u00f3n Europea con cargo al Fondo Europeo de Desarrollo Regional (FEDER) para el desarrollo de la web tem\u00e1tica \u201cGOLF IN ANDALUC\u00cdA \u2013\u00a0golfandalucia.info\u201d con el objetivo de la mejora del acceso, del uso y de la calidad de las tecnolog\u00edas de la informaci\u00f3n y la comunicaci\u00f3n.<\/p>\n","protected":false},"author":3,"featured_media":0,"parent":0,"menu_order":0,"comment_status":"closed","ping_status":"closed","template":"","meta":{"_acf_changed":false,"footnotes":""},"class_list":["post-23808","page","type-page","status-publish","hentry"],"acf":[],"yoast_head":"<!-- This site is optimized with the Yoast SEO plugin v27.2 - https:\/\/yoast.com\/product\/yoast-seo-wordpress\/ -->\n<title>Subvenci\u00f3n Uni\u00f3n Europea - Golf Andaluc\u00eda<\/title>\n<meta name=\"robots\" content=\"index, follow, max-snippet:-1, max-image-preview:large, max-video-preview:-1\" \/>\n<link rel=\"canonical\" href=\"https:\/\/golfandalucia.info\/es\/subvencion-union-europea\/\" \/>\n<meta property=\"og:locale\" content=\"es_ES\" \/>\n<meta property=\"og:type\" content=\"article\" \/>\n<meta property=\"og:title\" content=\"Subvenci\u00f3n Uni\u00f3n Europea - Golf Andaluc\u00eda\" \/>\n<meta property=\"og:description\" content=\"EL SUR EXISTE S.L. ha recibido una ayuda de la Uni\u00f3n Europea con cargo al Fondo Europeo de Desarrollo Regional (FEDER) para el desarrollo de la web tem\u00e1tica \u201cGOLF IN ANDALUC\u00cdA \u2013\u00a0golfandalucia.info\u201d con el objetivo de la mejora del acceso, del uso y de la calidad de las tecnolog\u00edas de la informaci\u00f3n y la comunicaci\u00f3n.\" \/>\n<meta property=\"og:url\" content=\"https:\/\/golfandalucia.info\/es\/subvencion-union-europea\/\" \/>\n<meta property=\"og:site_name\" content=\"Golf Andaluc\u00eda\" \/>\n<meta name=\"twitter:card\" content=\"summary_large_image\" \/>\n<script type=\"application\/ld+json\" class=\"yoast-schema-graph\">{\"@context\":\"https:\/\/schema.org\",\"@graph\":[{\"@type\":\"WebPage\",\"@id\":\"https:\/\/golfandalucia.info\/es\/subvencion-union-europea\/\",\"url\":\"https:\/\/golfandalucia.info\/es\/subvencion-union-europea\/\",\"name\":\"Subvenci\u00f3n Uni\u00f3n Europea - Golf Andaluc\u00eda\",\"isPartOf\":{\"@id\":\"https:\/\/golfandalucia.info\/es\/#website\"},\"datePublished\":\"2019-07-23T09:08:41+00:00\",\"breadcrumb\":{\"@id\":\"https:\/\/golfandalucia.info\/es\/subvencion-union-europea\/#breadcrumb\"},\"inLanguage\":\"es\",\"potentialAction\":[{\"@type\":\"ReadAction\",\"target\":[\"https:\/\/golfandalucia.info\/es\/subvencion-union-europea\/\"]}]},{\"@type\":\"BreadcrumbList\",\"@id\":\"https:\/\/golfandalucia.info\/es\/subvencion-union-europea\/#breadcrumb\",\"itemListElement\":[{\"@type\":\"ListItem\",\"position\":1,\"name\":\"Home\",\"item\":\"https:\/\/golfandalucia.info\/es\/\"},{\"@type\":\"ListItem\",\"position\":2,\"name\":\"Subvenci\u00f3n Uni\u00f3n Europea\"}]},{\"@type\":\"WebSite\",\"@id\":\"https:\/\/golfandalucia.info\/es\/#website\",\"url\":\"https:\/\/golfandalucia.info\/es\/\",\"name\":\"Golf Andaluc\u00eda\",\"description\":\"Mucho m\u00e1s que golf\",\"publisher\":{\"@id\":\"https:\/\/golfandalucia.info\/es\/#organization\"},\"potentialAction\":[{\"@type\":\"SearchAction\",\"target\":{\"@type\":\"EntryPoint\",\"urlTemplate\":\"https:\/\/golfandalucia.info\/es\/?s={search_term_string}\"},\"query-input\":{\"@type\":\"PropertyValueSpecification\",\"valueRequired\":true,\"valueName\":\"search_term_string\"}}],\"inLanguage\":\"es\"},{\"@type\":\"Organization\",\"@id\":\"https:\/\/golfandalucia.info\/es\/#organization\",\"name\":\"Golf Andaluc\u00eda\",\"url\":\"https:\/\/golfandalucia.info\/es\/\",\"logo\":{\"@type\":\"ImageObject\",\"inLanguage\":\"es\",\"@id\":\"https:\/\/golfandalucia.info\/es\/#\/schema\/logo\/image\/\",\"url\":\"https:\/\/golfandalucia.info\/wp-content\/uploads\/2019\/04\/cropped-golfandalucia.info180.png\",\"contentUrl\":\"https:\/\/golfandalucia.info\/wp-content\/uploads\/2019\/04\/cropped-golfandalucia.info180.png\",\"width\":169,\"height\":92,\"caption\":\"Golf Andaluc\u00eda\"},\"image\":{\"@id\":\"https:\/\/golfandalucia.info\/es\/#\/schema\/logo\/image\/\"}}]}<\/script>\n<!-- \/ Yoast SEO plugin. -->","yoast_head_json":{"title":"Subvenci\u00f3n Uni\u00f3n Europea - Golf Andaluc\u00eda","robots":{"index":"index","follow":"follow","max-snippet":"max-snippet:-1","max-image-preview":"max-image-preview:large","max-video-preview":"max-video-preview:-1"},"canonical":"https:\/\/golfandalucia.info\/es\/subvencion-union-europea\/","og_locale":"es_ES","og_type":"article","og_title":"Subvenci\u00f3n Uni\u00f3n Europea - Golf Andaluc\u00eda","og_description":"EL SUR EXISTE S.L. ha recibido una ayuda de la Uni\u00f3n Europea con cargo al Fondo Europeo de Desarrollo Regional (FEDER) para el desarrollo de la web tem\u00e1tica \u201cGOLF IN ANDALUC\u00cdA \u2013\u00a0golfandalucia.info\u201d con el objetivo de la mejora del acceso, del uso y de la calidad de las tecnolog\u00edas de la informaci\u00f3n y la comunicaci\u00f3n.","og_url":"https:\/\/golfandalucia.info\/es\/subvencion-union-europea\/","og_site_name":"Golf Andaluc\u00eda","twitter_card":"summary_large_image","schema":{"@context":"https:\/\/schema.org","@graph":[{"@type":"WebPage","@id":"https:\/\/golfandalucia.info\/es\/subvencion-union-europea\/","url":"https:\/\/golfandalucia.info\/es\/subvencion-union-europea\/","name":"Subvenci\u00f3n Uni\u00f3n Europea - Golf Andaluc\u00eda","isPartOf":{"@id":"https:\/\/golfandalucia.info\/es\/#website"},"datePublished":"2019-07-23T09:08:41+00:00","breadcrumb":{"@id":"https:\/\/golfandalucia.info\/es\/subvencion-union-europea\/#breadcrumb"},"inLanguage":"es","potentialAction":[{"@type":"ReadAction","target":["https:\/\/golfandalucia.info\/es\/subvencion-union-europea\/"]}]},{"@type":"BreadcrumbList","@id":"https:\/\/golfandalucia.info\/es\/subvencion-union-europea\/#breadcrumb","itemListElement":[{"@type":"ListItem","position":1,"name":"Home","item":"https:\/\/golfandalucia.info\/es\/"},{"@type":"ListItem","position":2,"name":"Subvenci\u00f3n Uni\u00f3n Europea"}]},{"@type":"WebSite","@id":"https:\/\/golfandalucia.info\/es\/#website","url":"https:\/\/golfandalucia.info\/es\/","name":"Golf Andaluc\u00eda","description":"Mucho m\u00e1s que golf","publisher":{"@id":"https:\/\/golfandalucia.info\/es\/#organization"},"potentialAction":[{"@type":"SearchAction","target":{"@type":"EntryPoint","urlTemplate":"https:\/\/golfandalucia.info\/es\/?s={search_term_string}"},"query-input":{"@type":"PropertyValueSpecification","valueRequired":true,"valueName":"search_term_string"}}],"inLanguage":"es"},{"@type":"Organization","@id":"https:\/\/golfandalucia.info\/es\/#organization","name":"Golf Andaluc\u00eda","url":"https:\/\/golfandalucia.info\/es\/","logo":{"@type":"ImageObject","inLanguage":"es","@id":"https:\/\/golfandalucia.info\/es\/#\/schema\/logo\/image\/","url":"https:\/\/golfandalucia.info\/wp-content\/uploads\/2019\/04\/cropped-golfandalucia.info180.png","contentUrl":"https:\/\/golfandalucia.info\/wp-content\/uploads\/2019\/04\/cropped-golfandalucia.info180.png","width":169,"height":92,"caption":"Golf Andaluc\u00eda"},"image":{"@id":"https:\/\/golfandalucia.info\/es\/#\/schema\/logo\/image\/"}}]}},"jetpack_sharing_enabled":true,"_links":{"self":[{"href":"https:\/\/golfandalucia.info\/es\/wp-json\/wp\/v2\/pages\/23808","targetHints":{"allow":["GET"]}}],"collection":[{"href":"https:\/\/golfandalucia.info\/es\/wp-json\/wp\/v2\/pages"}],"about":[{"href":"https:\/\/golfandalucia.info\/es\/wp-json\/wp\/v2\/types\/page"}],"author":[{"embeddable":true,"href":"https:\/\/golfandalucia.info\/es\/wp-json\/wp\/v2\/users\/3"}],"replies":[{"embeddable":true,"href":"https:\/\/golfandalucia.info\/es\/wp-json\/wp\/v2\/comments?post=23808"}],"version-history":[{"count":0,"href":"https:\/\/golfandalucia.info\/es\/wp-json\/wp\/v2\/pages\/23808\/revisions"}],"wp:attachment":[{"href":"https:\/\/golfandalucia.info\/es\/wp-json\/wp\/v2\/media?parent=23808"}],"curies":[{"name":"wp","href":"https:\/\/api.w.org\/{rel}","templated":true}]}}